{"id":31,"date":"2020-06-26T11:07:21","date_gmt":"2020-06-26T09:07:21","guid":{"rendered":"http:\/\/pubsektionen.bthstudent.se\/?page_id=31"},"modified":"2020-06-26T11:13:58","modified_gmt":"2020-06-26T09:13:58","slug":"regler","status":"publish","type":"page","link":"https:\/\/pubsektionen.bthstudent.se\/en\/regler\/","title":{"rendered":"Rules"},"content":{"rendered":"<div data-elementor-type=\"wp-page\" data-elementor-id=\"31\" class=\"elementor elementor-31\">\n\t\t\t\t\t\t<section class=\"elementor-section elementor-top-section elementor-element elementor-element-2f70ac3 elementor-section-boxed elementor-section-height-default elementor-section-height-default\" data-id=\"2f70ac3\" data-element_type=\"section\" data-e-type=\"section\">\n\t\t\t\t\t\t<div class=\"elementor-container elementor-column-gap-default\">\n\t\t\t\t\t<div class=\"elementor-column elementor-col-100 elementor-top-column elementor-element elementor-element-bb3e03f\" data-id=\"bb3e03f\" data-element_type=\"column\" data-e-type=\"column\">\n\t\t\t<div class=\"elementor-widget-wrap elementor-element-populated\">\n\t\t\t\t\t\t<div class=\"elementor-element elementor-element-868f42b elementor-widget elementor-widget-text-editor\" data-id=\"868f42b\" data-element_type=\"widget\" data-e-type=\"widget\" data-widget_type=\"text-editor.default\">\n\t\t\t\t<div class=\"elementor-widget-container\">\n\t\t\t\t\t\t\t\t\t<h2>Rules<\/h2><hr \/><h4>To enter Villan<\/h4><p>Ut\u00f6ver att alltid kunna legitimera dig med giltligt ID s\u00e5 ska du \u00e4ven vara:<\/p><ul><li>Du \u00e4r student eller personal vid BTH.<\/li><li>Du \u00e4r medlem i Blekinge Studentk\u00e5r eller annan <a href=\"http:\/\/www.sfs.se\/medlemskarer\" target=\"_blank\" rel=\"noopener noreferrer\">SFS-affiliated union<\/a>.<\/li><li>Du \u00e4r uppskriven p\u00e5 v\u00e5r g\u00e4stlista av en medlem i Blekinge Studentk\u00e5r.<\/li><\/ul><hr \/><h4>Alkohollagen<\/h4><p>We, like every other pub in Sweden, follow the swedish alcohol law, therefore:<\/p><ul><li>\u00e4r det f\u00f6rbjudet att medf\u00f6ra egen alkoholhaltig dryck in i dessa lokaler.<\/li><li>\u00e4r det f\u00f6rbjudet att medf\u00f6ra dryck k\u00f6pt inne p\u00e5 studentpuben ut fr\u00e5n lokalerna.<\/li><li>f\u00e5r du inte vara m\u00e4rktbart berusad i v\u00e5ra lokaler.<\/li><\/ul><hr \/><h4>The Wardrobe<\/h4><p class=\"translation-block\">Outerwear and bags should <strong>ALWAYS<\/strong> be hung in the wardrobe! You have no use for them indoors regardless.<\/p><p>We also do not take responsibility for what is left in the wardrobe<\/p><hr \/><h4>Purchase Warning and Purchase freeze<\/h4><p>Vid k\u00f6pvarning f\u00e5r ingen alkoholhaltig dryck k\u00f6pas.<br \/>G\u00e4st som k\u00f6per alkoholhaltid dryck till en g\u00e4st med k\u00f6pvarning riskerar sj\u00e4lv att f\u00e5 liknande varning.<\/p><p>In the event of a purchase freeze, the guest must leave the premises immediately.<\/p><hr \/><h4>Smoking<\/h4><p>This is since the Tobacco Act, the Act (2018:2088) on tobacco and similar products. The Act includes provisions for more smoke-free environments, such as entrances to premises to which the public has access.<\/p><p class=\"translation-block\">This law makes it illegal to consume tobacco on our premises and in the queue to Villan. Sanctions can and will be assigned against violations of this as our alcohol permit may be revoked.<\/p><p><strong>Note: E-cigarettes are included in this.<br \/><\/strong><\/p><h6 class=\"translation-block\"><em>Read more <a href=\"https:\/\/www.folkhalsomyndigheten.se\/contentassets\/dea6d93986f04e128896d2c47c9981dc\/nya-regler-rokfria-utomhusmiljoer-1-juli-2019-19049.pdf\" target=\"_self\">here<\/a><\/em><\/h6><hr \/><h4>Vomiting<\/h4><p>If a guest vomits inside the student pub, they will be charged 400 SEK for the incident.<\/p><p>In case the guest is not in a stable enough condition to pay, an invoice will be sent to the person in question for the event.<\/p><hr \/><h4>For everyone's comfort<\/h4><ul><li>No form of harassment is accepted on our premises!<\/li><li>If the staff thinks you've had too much to drink and shouldn't have any more, it's almost certainly true.<\/li><li>Respect our workers! They work for you on a voluntary basis.<\/li><li>Glitter is forbidden in these premises! This is because loose glitter can disturb visitors and damage the interior.<\/li><\/ul><hr \/><h4>Other notes<\/h4><ul><li>The word of the evenings manager is what counts!<\/li><li>Areas marked with staff only are for staff only and are off limits to guests.<\/li><li>It is forbidden for guests to go behind the bar, use the elevator or take any other way in or out than through the entrance door.<\/li><li>You break it, you buy it. Applies to all forms of vandalism and graffiti.<\/li><li>Keep your clothes on, you're not supposed to be a professional underwear model here.<\/li><li>Look after our premises and take care of our pub. It's run by students, for students.<\/li><\/ul><h2 style=\"text-align: center;\">Vid \u00f6vertr\u00e4delse av ordningsreglerna vidtas \u00e5tg\u00e4rder.<\/h2>\t\t\t\t\t\t\t\t<\/div>\n\t\t\t\t<\/div>\n\t\t\t\t\t<\/div>\n\t\t<\/div>\n\t\t\t\t\t<\/div>\n\t\t<\/section>\n\t\t\t\t<\/div>","protected":false},"excerpt":{"rendered":"<p>Regler F\u00f6r att komma in p\u00e5 Villan Ut\u00f6ver att alltid kunna legitimera dig med giltligt ID s\u00e5 ska du \u00e4ven vara: Du \u00e4r student eller personal vid BTH. Du \u00e4r medlem i Blekinge Studentk\u00e5r eller annan SFS-ansluten k\u00e5r. Du \u00e4r uppskriven p\u00e5 v\u00e5r g\u00e4stlista av en medlem i Blekinge Studentk\u00e5r. Alkohollagen Vi, precis som alla&hellip;&nbsp;<a href=\"https:\/\/pubsektionen.bthstudent.se\/en\/regler\/\" rel=\"bookmark\">Read More &raquo;<span class=\"screen-reader-text\">Rules<\/span><\/a><\/p>","protected":false},"author":1,"featured_media":0,"parent":0,"menu_order":0,"comment_status":"closed","ping_status":"closed","template":"elementor_header_footer","meta":{"neve_meta_sidebar":"","neve_meta_container":"","neve_meta_enable_content_width":"","neve_meta_content_width":0,"neve_meta_title_alignment":"","neve_meta_author_avatar":"","neve_post_elements_order":"","neve_meta_disable_header":"","neve_meta_disable_footer":"","neve_meta_disable_title":"","footnotes":""},"class_list":["post-31","page","type-page","status-publish","hentry"],"_links":{"self":[{"href":"https:\/\/pubsektionen.bthstudent.se\/en\/wp-json\/wp\/v2\/pages\/31","targetHints":{"allow":["GET"]}}],"collection":[{"href":"https:\/\/pubsektionen.bthstudent.se\/en\/wp-json\/wp\/v2\/pages"}],"about":[{"href":"https:\/\/pubsektionen.bthstudent.se\/en\/wp-json\/wp\/v2\/types\/page"}],"author":[{"embeddable":true,"href":"https:\/\/pubsektionen.bthstudent.se\/en\/wp-json\/wp\/v2\/users\/1"}],"replies":[{"embeddable":true,"href":"https:\/\/pubsektionen.bthstudent.se\/en\/wp-json\/wp\/v2\/comments?post=31"}],"version-history":[{"count":2,"href":"https:\/\/pubsektionen.bthstudent.se\/en\/wp-json\/wp\/v2\/pages\/31\/revisions"}],"predecessor-version":[{"id":34,"href":"https:\/\/pubsektionen.bthstudent.se\/en\/wp-json\/wp\/v2\/pages\/31\/revisions\/34"}],"wp:attachment":[{"href":"https:\/\/pubsektionen.bthstudent.se\/en\/wp-json\/wp\/v2\/media?parent=31"}],"curies":[{"name":"wp","href":"https:\/\/api.w.org\/{rel}","templated":true}]}}